{"id":17732,"date":"2021-04-24T15:34:19","date_gmt":"2021-04-24T18:34:19","guid":{"rendered":"http:\/\/162.240.0.109\/~wwiesp\/iesp\/cadernos-de-estudos-sociais-e-politicos\/"},"modified":"2021-04-24T15:34:19","modified_gmt":"2021-04-24T18:34:19","slug":"cadernos-de-estudos-sociais-e-politicos","status":"publish","type":"page","link":"https:\/\/iesp.uerj.br\/en\/cadernos-de-estudos-sociais-e-politicos\/","title":{"rendered":"Cadernos de Estudos Sociais e Pol\u00edticos"},"content":{"rendered":"\n<p class=\"eplus-tctWbC\">Cadernos de Estudos Sociais e Pol\u00edticos \u00e9 uma revista criada pelo F\u00f3rum dos Alunos do Instituto de Estudos Sociais e Pol\u00edticos (IESP-UERJ). A revista visa dar continuidade ao trabalho desempenhado pela revista Cadernos de Sociologia e Pol\u00edtica vinculada ao antigo IUPERJ. No ano de 2010, a totalidade dos alunos do IUPERJ construiu um movimento para garantir a sobreviv\u00eancia dos programas de p\u00f3s-gradua\u00e7\u00e3o em Sociologia e Ci\u00eancia Pol\u00edtica, transferindo-se para o IESP. Deste modo, apesar de formalmente se tratar de uma nova revista, preservar-se-\u00e1 a tradi\u00e7\u00e3o de debate e excel\u00eancia acad\u00eamica dos \u00faltimos 10 anos.<\/p>\n\n\n\n<p class=\"eplus-GK60gG\"><br>A partir de 2012, a CESP (ISSN 2238-3425) retoma suas edi\u00e7\u00f5es eletr\u00f4nicas. Todo o conte\u00fado \u00e9 aberto e o peri\u00f3dico \u00e9 indexado em IBICT , Peri\u00f3dicos CAPES, CLASE, Latindex, International Bibliography of the Social Sciences, Directory of Open Access Journals, DRJI, Diadorim , Citefactor e Dialnet.<\/p>\n\n\n\n<p class=\"eplus-q5ow4T\"><br>Estudantes de p\u00f3s-gradua\u00e7\u00e3o de institui\u00e7\u00f5es brasileiras ou estrangeiras cujas pesquisas se dedicam a temas de Sociologia, Ci\u00eancia Pol\u00edtica a Rela\u00e7\u00f5es Internacionais est\u00e3o convidados a submeter artigos acad\u00eamicos e resenhas \u00e0 avalia\u00e7\u00e3o. Os artigos ser\u00e3o inicialmente avaliados pela Comiss\u00e3o Editorial, que determinar\u00e1 seu enquadramento no escopo da revista e avaliar\u00e1 o cumprimento dos requisitos formais indicados nas instru\u00e7\u00f5es aos autores. <\/p>\n\n\n\n<p class=\"eplus-vZ5rzJ\">As submiss\u00f5es previamente aprovadas ser\u00e3o enviadas a pareceristas externos que avaliar\u00e3o o conte\u00fado do texto e recomendar\u00e3o de forma an\u00f4nima: (a) \u201cPublicar sem altera\u00e7\u00f5es\u201d; (b) \u201cPublicar com condi\u00e7\u00f5es\u201d, quando pequenas altera\u00e7\u00f5es de forma forem necess\u00e1rias; (c) \u201cResubmeter\u201d, quando o artigo tenha pertin\u00eancia tem\u00e1tica mas necessite altera\u00e7\u00f5es mais profundas; ou (d) \u201cN\u00e3o publicar\u201d, quando o artigo n\u00e3o possuir uma proposta clara, n\u00e3o cumprir a proposta, ou empregar insuficientemente a literatura.<\/p>\n\n\n\n<p class=\"eplus-g4KWmK\"><strong>e-ISSN<\/strong>: 2238-3425 | <strong>Ano de cria\u00e7\u00e3o<\/strong>: 2012 | <strong>\u00c1rea do conhecimento<\/strong>: Sociologia | Qualis: B5 (Sociologia)<\/p>\n\n\n\n<div class=\"is-layout-flex wp-block-buttons eplus-zAqUNn\">\n<div class=\"wp-block-button eplus-j0KAEh\"><a class=\"button\" href=\"https:\/\/www.e-publicacoes.uerj.br\/index.php\/CESP\" target=\"_blank\" rel=\"noreferrer noopener\">Acesse ao site<\/a><\/div>\n<\/div>\n","protected":false},"excerpt":{"rendered":"<p>Cadernos de Estudos Sociais e Pol\u00edticos \u00e9 uma revista criada pelo F\u00f3rum dos Alunos do Instituto de Estudos Sociais e Pol\u00edticos (IESP-UERJ). A revista visa dar continuidade ao trabalho desempenhado pela revista Cadernos de Sociologia e Pol\u00edtica vinculada ao antigo IUPERJ. No ano de 2010, a totalidade dos alunos do IUPERJ construiu um movimento para garantir a sobreviv\u00eancia dos programas de p\u00f3s-gradua\u00e7\u00e3o em Sociologia e Ci\u00eancia Pol\u00edtica, transferindo-se para o IESP. Deste modo, apesar de formalmente se tratar de uma nova revista, preservar-se-\u00e1 a tradi\u00e7\u00e3o de debate e excel\u00eancia acad\u00eamica dos \u00faltimos 10 anos. A partir de 2012, a CESP\u2026<\/p>\n","protected":false},"author":2,"featured_media":0,"parent":0,"menu_order":3,"comment_status":"closed","ping_status":"closed","template":"","meta":{"_coblocks_attr":"","_coblocks_dimensions":"","_coblocks_responsive_height":"","_coblocks_accordion_ie_support":"","inline_featured_image":false},"blocksy_meta":{"styles_descriptor":{"styles":{"desktop":"","tablet":"","mobile":""},"google_fonts":[],"version":5}},"acf":[],"yoast_head":"<!-- This site is optimized with the Yoast SEO plugin v20.3 - https:\/\/yoast.com\/wordpress\/plugins\/seo\/ -->\n<title>Cadernos de Estudos Sociais e Pol\u00edticos - IESP<\/title>\n<meta name=\"robots\" content=\"index, follow, max-snippet:-1, max-image-preview:large, max-video-preview:-1\" \/>\n<link rel=\"canonical\" href=\"https:\/\/iesp.uerj.br\/en\/cadernos-de-estudos-sociais-e-politicos\/\" \/>\n<meta property=\"og:locale\" content=\"en_US\" \/>\n<meta property=\"og:type\" content=\"article\" \/>\n<meta property=\"og:title\" content=\"Cadernos de Estudos Sociais e Pol\u00edticos - IESP\" \/>\n<meta property=\"og:description\" content=\"Cadernos de Estudos Sociais e Pol\u00edticos \u00e9 uma revista criada pelo F\u00f3rum dos Alunos do Instituto de Estudos Sociais e Pol\u00edticos (IESP-UERJ). A revista visa dar continuidade ao trabalho desempenhado pela revista Cadernos de Sociologia e Pol\u00edtica vinculada ao antigo IUPERJ. No ano de 2010, a totalidade dos alunos do IUPERJ construiu um movimento para garantir a sobreviv\u00eancia dos programas de p\u00f3s-gradua\u00e7\u00e3o em Sociologia e Ci\u00eancia Pol\u00edtica, transferindo-se para o IESP. Deste modo, apesar de formalmente se tratar de uma nova revista, preservar-se-\u00e1 a tradi\u00e7\u00e3o de debate e excel\u00eancia acad\u00eamica dos \u00faltimos 10 anos. A partir de 2012, a CESP\u2026\" \/>\n<meta property=\"og:url\" content=\"https:\/\/iesp.uerj.br\/en\/cadernos-de-estudos-sociais-e-politicos\/\" \/>\n<meta property=\"og:site_name\" content=\"IESP\" \/>\n<meta name=\"twitter:card\" content=\"summary_large_image\" \/>\n<meta name=\"twitter:label1\" content=\"Est. reading time\" \/>\n\t<meta name=\"twitter:data1\" content=\"2 minutes\" \/>\n<script type=\"application\/ld+json\" class=\"yoast-schema-graph\">{\"@context\":\"https:\/\/schema.org\",\"@graph\":[{\"@type\":\"WebPage\",\"@id\":\"https:\/\/iesp.uerj.br\/en\/cadernos-de-estudos-sociais-e-politicos\/\",\"url\":\"https:\/\/iesp.uerj.br\/en\/cadernos-de-estudos-sociais-e-politicos\/\",\"name\":\"Cadernos de Estudos Sociais e Pol\u00edticos - IESP\",\"isPartOf\":{\"@id\":\"\/#website\"},\"datePublished\":\"2021-04-24T18:34:19+00:00\",\"dateModified\":\"2021-04-24T18:34:19+00:00\",\"breadcrumb\":{\"@id\":\"https:\/\/iesp.uerj.br\/en\/cadernos-de-estudos-sociais-e-politicos\/#breadcrumb\"},\"inLanguage\":\"en-US\",\"potentialAction\":[{\"@type\":\"ReadAction\",\"target\":[\"https:\/\/iesp.uerj.br\/en\/cadernos-de-estudos-sociais-e-politicos\/\"]}]},{\"@type\":\"BreadcrumbList\",\"@id\":\"https:\/\/iesp.uerj.br\/en\/cadernos-de-estudos-sociais-e-politicos\/#breadcrumb\",\"itemListElement\":[{\"@type\":\"ListItem\",\"position\":1,\"name\":\"In\u00edcio\",\"item\":\"https:\/\/iesp.uerj.br\/en\/\"},{\"@type\":\"ListItem\",\"position\":2,\"name\":\"Cadernos de Estudos Sociais e Pol\u00edticos\"}]},{\"@type\":\"WebSite\",\"@id\":\"\/#website\",\"url\":\"\/\",\"name\":\"IESP\",\"description\":\"Instituto de Estudos Sociais e Pol\u00edticos\",\"publisher\":{\"@id\":\"\/#organization\"},\"potentialAction\":[{\"@type\":\"SearchAction\",\"target\":{\"@type\":\"EntryPoint\",\"urlTemplate\":\"\/?s={search_term_string}\"},\"query-input\":\"required name=search_term_string\"}],\"inLanguage\":\"en-US\"},{\"@type\":\"Organization\",\"@id\":\"\/#organization\",\"name\":\"IESP\",\"url\":\"\/\",\"logo\":{\"@type\":\"ImageObject\",\"inLanguage\":\"en-US\",\"@id\":\"\/#\/schema\/logo\/image\/\",\"url\":\"https:\/\/iesp.uerj.br\/wp-content\/uploads\/2022\/07\/Logo-iesp-uerj-azul.svg\",\"contentUrl\":\"https:\/\/iesp.uerj.br\/wp-content\/uploads\/2022\/07\/Logo-iesp-uerj-azul.svg\",\"caption\":\"IESP\"},\"image\":{\"@id\":\"\/#\/schema\/logo\/image\/\"}}]}<\/script>\n<!-- \/ Yoast SEO plugin. -->","yoast_head_json":{"title":"Cadernos de Estudos Sociais e Pol\u00edticos - IESP","robots":{"index":"index","follow":"follow","max-snippet":"max-snippet:-1","max-image-preview":"max-image-preview:large","max-video-preview":"max-video-preview:-1"},"canonical":"https:\/\/iesp.uerj.br\/en\/cadernos-de-estudos-sociais-e-politicos\/","og_locale":"en_US","og_type":"article","og_title":"Cadernos de Estudos Sociais e Pol\u00edticos - IESP","og_description":"Cadernos de Estudos Sociais e Pol\u00edticos \u00e9 uma revista criada pelo F\u00f3rum dos Alunos do Instituto de Estudos Sociais e Pol\u00edticos (IESP-UERJ). A revista visa dar continuidade ao trabalho desempenhado pela revista Cadernos de Sociologia e Pol\u00edtica vinculada ao antigo IUPERJ. No ano de 2010, a totalidade dos alunos do IUPERJ construiu um movimento para garantir a sobreviv\u00eancia dos programas de p\u00f3s-gradua\u00e7\u00e3o em Sociologia e Ci\u00eancia Pol\u00edtica, transferindo-se para o IESP. Deste modo, apesar de formalmente se tratar de uma nova revista, preservar-se-\u00e1 a tradi\u00e7\u00e3o de debate e excel\u00eancia acad\u00eamica dos \u00faltimos 10 anos. A partir de 2012, a CESP\u2026","og_url":"https:\/\/iesp.uerj.br\/en\/cadernos-de-estudos-sociais-e-politicos\/","og_site_name":"IESP","twitter_card":"summary_large_image","twitter_misc":{"Est. reading time":"2 minutes"},"schema":{"@context":"https:\/\/schema.org","@graph":[{"@type":"WebPage","@id":"https:\/\/iesp.uerj.br\/en\/cadernos-de-estudos-sociais-e-politicos\/","url":"https:\/\/iesp.uerj.br\/en\/cadernos-de-estudos-sociais-e-politicos\/","name":"Cadernos de Estudos Sociais e Pol\u00edticos - IESP","isPartOf":{"@id":"\/#website"},"datePublished":"2021-04-24T18:34:19+00:00","dateModified":"2021-04-24T18:34:19+00:00","breadcrumb":{"@id":"https:\/\/iesp.uerj.br\/en\/cadernos-de-estudos-sociais-e-politicos\/#breadcrumb"},"inLanguage":"en-US","potentialAction":[{"@type":"ReadAction","target":["https:\/\/iesp.uerj.br\/en\/cadernos-de-estudos-sociais-e-politicos\/"]}]},{"@type":"BreadcrumbList","@id":"https:\/\/iesp.uerj.br\/en\/cadernos-de-estudos-sociais-e-politicos\/#breadcrumb","itemListElement":[{"@type":"ListItem","position":1,"name":"In\u00edcio","item":"https:\/\/iesp.uerj.br\/en\/"},{"@type":"ListItem","position":2,"name":"Cadernos de Estudos Sociais e Pol\u00edticos"}]},{"@type":"WebSite","@id":"\/#website","url":"\/","name":"IESP","description":"Instituto de Estudos Sociais e Pol\u00edticos","publisher":{"@id":"\/#organization"},"potentialAction":[{"@type":"SearchAction","target":{"@type":"EntryPoint","urlTemplate":"\/?s={search_term_string}"},"query-input":"required name=search_term_string"}],"inLanguage":"en-US"},{"@type":"Organization","@id":"\/#organization","name":"IESP","url":"\/","logo":{"@type":"ImageObject","inLanguage":"en-US","@id":"\/#\/schema\/logo\/image\/","url":"https:\/\/iesp.uerj.br\/wp-content\/uploads\/2022\/07\/Logo-iesp-uerj-azul.svg","contentUrl":"https:\/\/iesp.uerj.br\/wp-content\/uploads\/2022\/07\/Logo-iesp-uerj-azul.svg","caption":"IESP"},"image":{"@id":"\/#\/schema\/logo\/image\/"}}]}},"_links":{"self":[{"href":"https:\/\/iesp.uerj.br\/en\/wp-json\/wp\/v2\/pages\/17732"}],"collection":[{"href":"https:\/\/iesp.uerj.br\/en\/wp-json\/wp\/v2\/pages"}],"about":[{"href":"https:\/\/iesp.uerj.br\/en\/wp-json\/wp\/v2\/types\/page"}],"author":[{"embeddable":true,"href":"https:\/\/iesp.uerj.br\/en\/wp-json\/wp\/v2\/users\/2"}],"replies":[{"embeddable":true,"href":"https:\/\/iesp.uerj.br\/en\/wp-json\/wp\/v2\/comments?post=17732"}],"version-history":[{"count":1,"href":"https:\/\/iesp.uerj.br\/en\/wp-json\/wp\/v2\/pages\/17732\/revisions"}],"predecessor-version":[{"id":17734,"href":"https:\/\/iesp.uerj.br\/en\/wp-json\/wp\/v2\/pages\/17732\/revisions\/17734"}],"wp:attachment":[{"href":"https:\/\/iesp.uerj.br\/en\/wp-json\/wp\/v2\/media?parent=17732"}],"curies":[{"name":"wp","href":"https:\/\/api.w.org\/{rel}","templated":true}]}}