{"id":17730,"date":"2021-04-24T15:34:17","date_gmt":"2021-04-24T18:34:17","guid":{"rendered":"http:\/\/162.240.0.109\/~wwiesp\/iesp\/revista-dados\/"},"modified":"2022-02-22T13:46:39","modified_gmt":"2022-02-22T16:46:39","slug":"revista-dados","status":"publish","type":"page","link":"https:\/\/iesp.uerj.br\/en\/revista-dados\/","title":{"rendered":"Revista Dados"},"content":{"rendered":"\n<p class=\"eplus-70aLsH\">DADOS \u00e9 uma das principais e mais longevas revistas nas Ci\u00eancias Sociais no Brasil. Publicada desde 1966, divulga trabalhos in\u00e9ditos e inovadores, oriundos de pesquisa acad\u00eamica, de autores brasileiros e estrangeiros. Com periodicidade trimestral desde 1981, faz parte do primeiro grupo de onze revistas que em 1996 integraram o <a href=\"http:\/\/scielo.br\/\" target=\"_blank\" rel=\"noreferrer noopener\"><em>SciELO \u2013 Science Eletronic Library Online<\/em><\/a>, o mais importante ve\u00edculo de divulga\u00e7\u00e3o da ci\u00eancia brasileira, constituindo-se no primeiro peri\u00f3dico de Ci\u00eancias Humanas a fazer parte do projeto. A lideran\u00e7a da revista tamb\u00e9m \u00e9 contrastada na atualidade, pois \u00e9 uma das poucas revistas brasileiras de Ci\u00eancias Sociais indexadas no Institute for Scientific Information \u2013 ISI (Thomson Co.), al\u00e9m de ter sido qualificada como A1 em sete \u00e1reas na \u00faltima atualiza\u00e7\u00e3o do <a href=\"https:\/\/sucupira.capes.gov.br\/sucupira\/public\/consultas\/coleta\/veiculoPublicacaoQualis\/listaConsultaGeralPeriodicos.jsf\" target=\"_blank\" rel=\"noreferrer noopener\">Qualis\/CAPES<\/a>.<\/p>\n\n\n\n<p class=\"eplus-Q6n1PF\"><br>Em 2017 foi publicado um <a href=\"http:\/\/www.scielo.br\/scielo.php?script=sci_issuetoc&amp;pid=0011-525820170003&amp;lng=pt&amp;nrm=iso\" target=\"_blank\" rel=\"noreferrer noopener\">dossi\u00ea comemorativo<\/a> dos 50 anos da revista (1966-2016), com diversas contribui\u00e7\u00f5es sobre a trajet\u00f3ria de Dados, seu perfil disciplinar e tem\u00e1tico e seu papel na profissionaliza\u00e7\u00e3o dos peri\u00f3dicos cient\u00edficos e na constru\u00e7\u00e3o das ci\u00eancias sociais no Brasil e na Am\u00e9rica Latina.<br>Editada pelo Instituto de Estudos Sociais e Pol\u00edticos da Universidade do Estado do Rio de Janeiro \u2013 IESP-UERJ, Dados \u2013 Revista de Ci\u00eancias Sociais recebe artigos durante todo o ano em sistema de fluxo cont\u00ednuo. \u00c9 seu objetivo conciliar o rigor cient\u00edfico e a excel\u00eancia acad\u00eamica com \u00eanfase no debate p\u00fablico a partir da an\u00e1lise de quest\u00f5es substantivas da sociedade e da pol\u00edtica.<br><\/p>\n\n\n\n<p class=\"eplus-9foQl5\">O t\u00edtulo abreviado da revista \u00e9 Dados, forma que deve ser usada em bibliografias, notas de rodap\u00e9, refer\u00eancias e legendas bibliogr\u00e1ficas.<\/p>\n\n\n\n<div class=\"is-layout-flex wp-block-buttons eplus-rCpkpL\">\n<div class=\"wp-block-button eplus-2qn38\"><a class=\"button\" href=\"http:\/\/dados.iesp.uerj.br\/\" target=\"_blank\" rel=\"noreferrer noopener\">Acesse ao site da revista DADOS<\/a><\/div>\n<\/div>\n","protected":false},"excerpt":{"rendered":"<p>DADOS \u00e9 uma das principais e mais longevas revistas nas Ci\u00eancias Sociais no Brasil. Publicada desde 1966, divulga trabalhos in\u00e9ditos e inovadores, oriundos de pesquisa acad\u00eamica, de autores brasileiros e estrangeiros. Com periodicidade trimestral desde 1981, faz parte do primeiro grupo de onze revistas que em 1996 integraram o SciELO \u2013 Science Eletronic Library Online, o mais importante ve\u00edculo de divulga\u00e7\u00e3o da ci\u00eancia brasileira, constituindo-se no primeiro peri\u00f3dico de Ci\u00eancias Humanas a fazer parte do projeto. A lideran\u00e7a da revista tamb\u00e9m \u00e9 contrastada na atualidade, pois \u00e9 uma das poucas revistas brasileiras de Ci\u00eancias Sociais indexadas no Institute for Scientific\u2026<\/p>\n","protected":false},"author":2,"featured_media":0,"parent":0,"menu_order":2,"comment_status":"closed","ping_status":"closed","template":"","meta":{"_coblocks_attr":"","_coblocks_dimensions":"","_coblocks_responsive_height":"","_coblocks_accordion_ie_support":"","inline_featured_image":false},"blocksy_meta":{"styles_descriptor":{"styles":{"desktop":"","tablet":"","mobile":""},"google_fonts":[],"version":5}},"acf":[],"yoast_head":"<!-- This site is optimized with the Yoast SEO plugin v20.3 - https:\/\/yoast.com\/wordpress\/plugins\/seo\/ -->\n<title>Revista Dados - IESP<\/title>\n<meta name=\"robots\" content=\"index, follow, max-snippet:-1, max-image-preview:large, max-video-preview:-1\" \/>\n<link rel=\"canonical\" href=\"https:\/\/iesp.uerj.br\/en\/revista-dados\/\" \/>\n<meta property=\"og:locale\" content=\"en_US\" \/>\n<meta property=\"og:type\" content=\"article\" \/>\n<meta property=\"og:title\" content=\"Revista Dados - IESP\" \/>\n<meta property=\"og:description\" content=\"DADOS \u00e9 uma das principais e mais longevas revistas nas Ci\u00eancias Sociais no Brasil. Publicada desde 1966, divulga trabalhos in\u00e9ditos e inovadores, oriundos de pesquisa acad\u00eamica, de autores brasileiros e estrangeiros. Com periodicidade trimestral desde 1981, faz parte do primeiro grupo de onze revistas que em 1996 integraram o SciELO \u2013 Science Eletronic Library Online, o mais importante ve\u00edculo de divulga\u00e7\u00e3o da ci\u00eancia brasileira, constituindo-se no primeiro peri\u00f3dico de Ci\u00eancias Humanas a fazer parte do projeto. A lideran\u00e7a da revista tamb\u00e9m \u00e9 contrastada na atualidade, pois \u00e9 uma das poucas revistas brasileiras de Ci\u00eancias Sociais indexadas no Institute for Scientific\u2026\" \/>\n<meta property=\"og:url\" content=\"https:\/\/iesp.uerj.br\/en\/revista-dados\/\" \/>\n<meta property=\"og:site_name\" content=\"IESP\" \/>\n<meta property=\"article:modified_time\" content=\"2022-02-22T16:46:39+00:00\" \/>\n<meta name=\"twitter:card\" content=\"summary_large_image\" \/>\n<meta name=\"twitter:label1\" content=\"Est. reading time\" \/>\n\t<meta name=\"twitter:data1\" content=\"1 minute\" \/>\n<script type=\"application\/ld+json\" class=\"yoast-schema-graph\">{\"@context\":\"https:\/\/schema.org\",\"@graph\":[{\"@type\":\"WebPage\",\"@id\":\"https:\/\/iesp.uerj.br\/en\/revista-dados\/\",\"url\":\"https:\/\/iesp.uerj.br\/en\/revista-dados\/\",\"name\":\"Revista Dados - IESP\",\"isPartOf\":{\"@id\":\"\/#website\"},\"datePublished\":\"2021-04-24T18:34:17+00:00\",\"dateModified\":\"2022-02-22T16:46:39+00:00\",\"breadcrumb\":{\"@id\":\"https:\/\/iesp.uerj.br\/en\/revista-dados\/#breadcrumb\"},\"inLanguage\":\"en-US\",\"potentialAction\":[{\"@type\":\"ReadAction\",\"target\":[\"https:\/\/iesp.uerj.br\/en\/revista-dados\/\"]}]},{\"@type\":\"BreadcrumbList\",\"@id\":\"https:\/\/iesp.uerj.br\/en\/revista-dados\/#breadcrumb\",\"itemListElement\":[{\"@type\":\"ListItem\",\"position\":1,\"name\":\"In\u00edcio\",\"item\":\"https:\/\/iesp.uerj.br\/en\/\"},{\"@type\":\"ListItem\",\"position\":2,\"name\":\"Revista Dados\"}]},{\"@type\":\"WebSite\",\"@id\":\"\/#website\",\"url\":\"\/\",\"name\":\"IESP\",\"description\":\"Instituto de Estudos Sociais e Pol\u00edticos\",\"publisher\":{\"@id\":\"\/#organization\"},\"potentialAction\":[{\"@type\":\"SearchAction\",\"target\":{\"@type\":\"EntryPoint\",\"urlTemplate\":\"\/?s={search_term_string}\"},\"query-input\":\"required name=search_term_string\"}],\"inLanguage\":\"en-US\"},{\"@type\":\"Organization\",\"@id\":\"\/#organization\",\"name\":\"IESP\",\"url\":\"\/\",\"logo\":{\"@type\":\"ImageObject\",\"inLanguage\":\"en-US\",\"@id\":\"\/#\/schema\/logo\/image\/\",\"url\":\"https:\/\/iesp.uerj.br\/wp-content\/uploads\/2022\/07\/Logo-iesp-uerj-azul.svg\",\"contentUrl\":\"https:\/\/iesp.uerj.br\/wp-content\/uploads\/2022\/07\/Logo-iesp-uerj-azul.svg\",\"caption\":\"IESP\"},\"image\":{\"@id\":\"\/#\/schema\/logo\/image\/\"}}]}<\/script>\n<!-- \/ Yoast SEO plugin. -->","yoast_head_json":{"title":"Revista Dados - IESP","robots":{"index":"index","follow":"follow","max-snippet":"max-snippet:-1","max-image-preview":"max-image-preview:large","max-video-preview":"max-video-preview:-1"},"canonical":"https:\/\/iesp.uerj.br\/en\/revista-dados\/","og_locale":"en_US","og_type":"article","og_title":"Revista Dados - IESP","og_description":"DADOS \u00e9 uma das principais e mais longevas revistas nas Ci\u00eancias Sociais no Brasil. Publicada desde 1966, divulga trabalhos in\u00e9ditos e inovadores, oriundos de pesquisa acad\u00eamica, de autores brasileiros e estrangeiros. Com periodicidade trimestral desde 1981, faz parte do primeiro grupo de onze revistas que em 1996 integraram o SciELO \u2013 Science Eletronic Library Online, o mais importante ve\u00edculo de divulga\u00e7\u00e3o da ci\u00eancia brasileira, constituindo-se no primeiro peri\u00f3dico de Ci\u00eancias Humanas a fazer parte do projeto. A lideran\u00e7a da revista tamb\u00e9m \u00e9 contrastada na atualidade, pois \u00e9 uma das poucas revistas brasileiras de Ci\u00eancias Sociais indexadas no Institute for Scientific\u2026","og_url":"https:\/\/iesp.uerj.br\/en\/revista-dados\/","og_site_name":"IESP","article_modified_time":"2022-02-22T16:46:39+00:00","twitter_card":"summary_large_image","twitter_misc":{"Est. reading time":"1 minute"},"schema":{"@context":"https:\/\/schema.org","@graph":[{"@type":"WebPage","@id":"https:\/\/iesp.uerj.br\/en\/revista-dados\/","url":"https:\/\/iesp.uerj.br\/en\/revista-dados\/","name":"Revista Dados - IESP","isPartOf":{"@id":"\/#website"},"datePublished":"2021-04-24T18:34:17+00:00","dateModified":"2022-02-22T16:46:39+00:00","breadcrumb":{"@id":"https:\/\/iesp.uerj.br\/en\/revista-dados\/#breadcrumb"},"inLanguage":"en-US","potentialAction":[{"@type":"ReadAction","target":["https:\/\/iesp.uerj.br\/en\/revista-dados\/"]}]},{"@type":"BreadcrumbList","@id":"https:\/\/iesp.uerj.br\/en\/revista-dados\/#breadcrumb","itemListElement":[{"@type":"ListItem","position":1,"name":"In\u00edcio","item":"https:\/\/iesp.uerj.br\/en\/"},{"@type":"ListItem","position":2,"name":"Revista Dados"}]},{"@type":"WebSite","@id":"\/#website","url":"\/","name":"IESP","description":"Instituto de Estudos Sociais e Pol\u00edticos","publisher":{"@id":"\/#organization"},"potentialAction":[{"@type":"SearchAction","target":{"@type":"EntryPoint","urlTemplate":"\/?s={search_term_string}"},"query-input":"required name=search_term_string"}],"inLanguage":"en-US"},{"@type":"Organization","@id":"\/#organization","name":"IESP","url":"\/","logo":{"@type":"ImageObject","inLanguage":"en-US","@id":"\/#\/schema\/logo\/image\/","url":"https:\/\/iesp.uerj.br\/wp-content\/uploads\/2022\/07\/Logo-iesp-uerj-azul.svg","contentUrl":"https:\/\/iesp.uerj.br\/wp-content\/uploads\/2022\/07\/Logo-iesp-uerj-azul.svg","caption":"IESP"},"image":{"@id":"\/#\/schema\/logo\/image\/"}}]}},"_links":{"self":[{"href":"https:\/\/iesp.uerj.br\/en\/wp-json\/wp\/v2\/pages\/17730"}],"collection":[{"href":"https:\/\/iesp.uerj.br\/en\/wp-json\/wp\/v2\/pages"}],"about":[{"href":"https:\/\/iesp.uerj.br\/en\/wp-json\/wp\/v2\/types\/page"}],"author":[{"embeddable":true,"href":"https:\/\/iesp.uerj.br\/en\/wp-json\/wp\/v2\/users\/2"}],"replies":[{"embeddable":true,"href":"https:\/\/iesp.uerj.br\/en\/wp-json\/wp\/v2\/comments?post=17730"}],"version-history":[{"count":1,"href":"https:\/\/iesp.uerj.br\/en\/wp-json\/wp\/v2\/pages\/17730\/revisions"}],"predecessor-version":[{"id":18028,"href":"https:\/\/iesp.uerj.br\/en\/wp-json\/wp\/v2\/pages\/17730\/revisions\/18028"}],"wp:attachment":[{"href":"https:\/\/iesp.uerj.br\/en\/wp-json\/wp\/v2\/media?parent=17730"}],"curies":[{"name":"wp","href":"https:\/\/api.w.org\/{rel}","templated":true}]}}