{"id":17719,"date":"2021-04-24T15:32:33","date_gmt":"2021-04-24T18:32:33","guid":{"rendered":"http:\/\/162.240.0.109\/~wwiesp\/iesp\/pos-graduacao\/outros-cursos\/"},"modified":"2022-05-16T16:29:20","modified_gmt":"2022-05-16T19:29:20","slug":"extension-courses","status":"publish","type":"page","link":"https:\/\/iesp.uerj.br\/en\/graduate-programs\/extension-courses\/","title":{"rendered":"Extension Courses"},"content":{"rendered":"\n<p class=\" eplus-wrapper\" id=\"tw-target-text\">IESP-UERJ organizes short-term courses, extension courses and seminars aimed at the discussion of methodological issues (quantitative and qualitative methods in the social sciences) and themes in political science and sociology. Such courses are advertised here on this page and on the Institute&#8217;s social networks.<\/p>\n\n\n\n<p class=\" eplus-Zc8QFf eplus-wrapper\"><\/p>\n\n\n        <div class=\"wp-block-getwid-custom-post-type custom-post-type-disciplina has-layout-grid masonry\">\r\n            <div class=\"wp-block-getwid-custom-post-type__wrapper getwid-columns getwid-columns-3\">\r\n                \t\t\t\t\t\t\t\t<div class='wp-block-getwid-custom-post-type__post'>\r\n\t\t\t\t\t\t\t\t\t\n<div class=\"is-layout-flow card sombra disciplina wp-block-group eplus-wrapper\"><h2 class=\" eplus-atGwUx wp-block-post-title\"><a href=\"https:\/\/iesp.uerj.br\/en\/disciplina\/comunicacao-g%c8%87nero-e-desenvolvimento-na-era-digital\/\" target=\"_self\" >Comunica\u00e7\u00e3o, g\u00eanero e desenvolvimento na era digital<\/a><\/h2>\n\n\n\n<\/div>\n\t\t\t\t\t\t\t\t<\/div>\r\n\t\t\t\t\t\t\t\t\t\t\t\t\t\t\t<div class='wp-block-getwid-custom-post-type__post'>\r\n\t\t\t\t\t\t\t\t\t\n<div class=\"is-layout-flow card sombra disciplina wp-block-group eplus-wrapper\"><h2 class=\" eplus-atGwUx wp-block-post-title\"><a href=\"https:\/\/iesp.uerj.br\/en\/disciplina\/elementos-basicos-da-editoria-cientifica\/\" target=\"_self\" >Elementos B\u00e1sicos da Editoria Cient\u00edfica<\/a><\/h2>\n\n<p class='professores'><span><a href='' target='_blank'><\/a><\/span><\/p>\n\n<p class='tematica'>Teoria &amp; Pensamento<\/p><\/div>\n\t\t\t\t\t\t\t\t<\/div>\r\n\t\t\t\t\t\t\t\t\t\t\t\t\t\t\t<div class='wp-block-getwid-custom-post-type__post'>\r\n\t\t\t\t\t\t\t\t\t\n<div class=\"is-layout-flow card sombra disciplina wp-block-group eplus-wrapper\"><h2 class=\" eplus-atGwUx wp-block-post-title\"><a href=\"https:\/\/iesp.uerj.br\/en\/disciplina\/desenho-de-politicas-publicas-e-desigualdade\/\" target=\"_self\" >Desenho de Pol\u00edticas P\u00fablicas e Desigualdade<\/a><\/h2>\n\n\n\n<p class='tematica'>Desigualdade Social &#8211; Estado e Direito &#8211; Pol\u00edtica brasileira<\/p><\/div>\n\t\t\t\t\t\t\t\t<\/div>\r\n\t\t\t\t\t\t\t\t\t\t\t\t\t\t\t<div class='wp-block-getwid-custom-post-type__post'>\r\n\t\t\t\t\t\t\t\t\t\n<div class=\"is-layout-flow card sombra disciplina wp-block-group eplus-wrapper\"><h2 class=\" eplus-atGwUx wp-block-post-title\"><a href=\"https:\/\/iesp.uerj.br\/en\/disciplina\/oligarchy-the-sovereingty-of-wealth\/\" target=\"_self\" >Oligarchy: The sovereingty of wealth<\/a><\/h2>\n\n\n\n<p class='tematica'>Direito e Estado &#8211; Pol\u00edtica &#8211; Teoria &amp; Pensamento<\/p><\/div>\n\t\t\t\t\t\t\t\t<\/div>\r\n\t\t\t\t\t\t\t\t\t\t\t\t\t\t\t<div class='wp-block-getwid-custom-post-type__post'>\r\n\t\t\t\t\t\t\t\t\t\n<div class=\"is-layout-flow card sombra disciplina wp-block-group eplus-wrapper\"><h2 class=\" eplus-atGwUx wp-block-post-title\"><a href=\"https:\/\/iesp.uerj.br\/en\/disciplina\/workshop-escrita-academica-e-publicacao-de-papers-quantitativos-em-ciencias-sociais\/\" target=\"_self\" >Workshop: Escrita acad\u00eamica e Publica\u00e7\u00e3o de papers quantitativos em Ci\u00eancias Sociais<\/a><\/h2>\n\n<p class='professores'><span><a href='https:\/\/iesp.uerj.br\/pesquisador\/rogerio-jeronimo-barbosa\/' target='_blank'>Rog\u00e9rio Jer\u00f4nimo Barbosa<\/a><\/span><span><a href='https:\/\/iesp.uerj.br\/pesquisador\/luiz-augusto-campos\/' target='_blank'>Luiz Augusto Campos<\/a><\/span><span><a href='https:\/\/iesp.uerj.br\/pesquisador\/carlos-antonio-costa-ribeiro\/' target='_blank'>Carlos Antonio Costa Ribeiro<\/a><\/span><span><a href='https:\/\/iesp.uerj.br\/pesquisador\/natalia-lucciola\/' target='_blank'>Nat\u00e1lia Lucciola<\/a><\/span><span><a href='https:\/\/iesp.uerj.br\/pesquisador\/tomas-paixao-borges\/' target='_blank'>Tom\u00e1s Paix\u00e3o Borges<\/a><\/span><\/p>\n\n<p class='tematica'>Teoria &amp; Pensamento<\/p><\/div>\n\t\t\t\t\t\t\t\t<\/div>\r\n\t\t\t\t\t\t\t            <\/div>\r\n\r\n                    <\/div>\r\n        ","protected":false},"excerpt":{"rendered":"<p>IESP-UERJ organizes short-term courses, extension courses and seminars aimed at the discussion of methodological issues (quantitative and qualitative methods in the social sciences) and themes in political science and sociology. Such courses are advertised here on this page and on the Institute&#8217;s social networks.<\/p>\n","protected":false},"author":2,"featured_media":0,"parent":17565,"menu_order":4,"comment_status":"closed","ping_status":"closed","template":"","meta":{"_coblocks_attr":"","_coblocks_dimensions":"","_coblocks_responsive_height":"","_coblocks_accordion_ie_support":"","inline_featured_image":false},"blocksy_meta":{"styles_descriptor":{"styles":{"desktop":"","tablet":"","mobile":""},"google_fonts":[],"version":5},"page_title_panel":"","has_hero_section":"default","8700f4ac8b83e4d14a2e8c8e4fa4d199":"","hero_section":"type-1","hero_elements":[{"id":"custom_title","enabled":true,"heading_tag":"h1","title":"P\u00e1gina inicial"},{"id":"custom_description","enabled":true,"description_visibility":{"desktop":true,"tablet":true,"mobile":false}},{"id":"custom_meta","enabled":false,"meta_elements":[{"id":"author","enabled":true,"label":"Por","has_author_avatar":"yes","avatar_size":25},{"id":"post_date","enabled":true,"label":"Em","date_format_source":"default","date_format":"M j, Y"},{"id":"comments","enabled":true}],"page_meta_elements":{"joined":true,"articles_count":true,"comments":true}},{"id":"breadcrumbs","enabled":false}],"498a2f8b7a526bff1ff5e7aac98036cc":"","hero_alignment1":"CT_CSS_SKIP_RULE","hero_margin":40,"hero_alignment2":"center","hero_vertical_alignment":"center","5ebe0c061ce45e9da6fe4ac52800a2e1":"","hero_structure":"narrow","14dafd6b4597cd6b543fe0ed046d1d2b":"","page_title_bg_type":"featured_image","custom_hero_background":{"attachment_id":null},"parallax":{"desktop":false,"tablet":false,"mobile":false},"169624febc23ce8e624842f2446396d9":"","hero_height":"250px","pageTitleFont":{"family":"Default","variation":"Default","size":{"desktop":"32px","tablet":"30px","mobile":"25px"},"line-height":"CT_CSS_SKIP_RULE","letter-spacing":"CT_CSS_SKIP_RULE","text-transform":"CT_CSS_SKIP_RULE","text-decoration":"CT_CSS_SKIP_RULE"},"pageTitleFontColor":{"default":{"color":"CT_CSS_SKIP_RULEDEFAULT"}},"pageMetaFont":{"family":"Default","variation":"n6","size":"12px","line-height":"1.3","letter-spacing":"CT_CSS_SKIP_RULE","text-transform":"uppercase","text-decoration":"CT_CSS_SKIP_RULE"},"pageMetaFontColor":{"default":{"color":"CT_CSS_SKIP_RULEDEFAULT"},"hover":{"color":"CT_CSS_SKIP_RULEDEFAULT"}},"page_meta_button_type_font_colors":{"default":{"color":"CT_CSS_SKIP_RULEDEFAULT"},"hover":{"color":"CT_CSS_SKIP_RULEDEFAULT"}},"page_meta_button_type_background_colors":{"default":{"color":"CT_CSS_SKIP_RULEDEFAULT"},"hover":{"color":"CT_CSS_SKIP_RULEDEFAULT"}},"pageExcerptFont":{"family":"Default","variation":"Default","size":"CT_CSS_SKIP_RULE","line-height":"CT_CSS_SKIP_RULE","letter-spacing":"CT_CSS_SKIP_RULE","text-transform":"CT_CSS_SKIP_RULE","text-decoration":"CT_CSS_SKIP_RULE"},"pageExcerptColor":{"default":{"color":"CT_CSS_SKIP_RULEDEFAULT"}},"breadcrumbsFont":{"family":"Default","variation":"Default","size":"CT_CSS_SKIP_RULE","line-height":"CT_CSS_SKIP_RULE","letter-spacing":"CT_CSS_SKIP_RULE","text-transform":"CT_CSS_SKIP_RULE","text-decoration":"CT_CSS_SKIP_RULE"},"breadcrumbsFontColor":{"default":{"color":"CT_CSS_SKIP_RULEDEFAULT"},"initial":{"color":"CT_CSS_SKIP_RULEDEFAULT"},"hover":{"color":"CT_CSS_SKIP_RULEDEFAULT"}},"pageTitleOverlay":{"default":{"color":"CT_CSS_SKIP_RULE"}},"pageTitleBackground":{"background_type":"color","background_pattern":"type-1","background_image":{"attachment_id":null,"x":0,"y":0},"gradient":"linear-gradient(135deg,rgba(6,147,227,1) 0%,rgb(155,81,224) 100%)","background_repeat":"no-repeat","background_size":"auto","background_attachment":"scroll","patternColor":{"default":{"color":"#e5e7ea"}},"overlayColor":{"default":{"color":"CT_CSS_SKIP_RULE"}},"backgroundColor":{"default":{"color":"var(--paletteColor6)"}}},"pageTitlePadding":{"top":"50px","bottom":"50px","left":"auto","right":"auto","linked":true},"96beb5985f248f606cdcf3e543e6eb12":"","page_structure_type":"type-2","1ed7317431f6e5f900c7fb5d4436e055":"","content_style_source":"inherit","content_style":"wide","vertical_spacing_source":"inherit","content_area_spacing":"both","background":{"background_type":"color","background_pattern":"type-1","background_image":{"attachment_id":null,"x":0,"y":0},"gradient":"linear-gradient(135deg,rgba(6,147,227,1) 0%,rgb(155,81,224) 100%)","background_repeat":"no-repeat","background_size":"auto","background_attachment":"scroll","patternColor":{"default":{"color":"#e5e7ea"}},"overlayColor":{"default":{"color":"CT_CSS_SKIP_RULE"}},"backgroundColor":{"default":{"color":"CT_CSS_SKIP_RULE"}}},"content_background":{"background_type":"color","background_pattern":"type-1","background_image":{"attachment_id":null,"x":0,"y":0},"gradient":"linear-gradient(135deg,rgba(6,147,227,1) 0%,rgb(155,81,224) 100%)","background_repeat":"no-repeat","background_size":"auto","background_attachment":"scroll","patternColor":{"default":{"color":"#e5e7ea"}},"overlayColor":{"default":{"color":"CT_CSS_SKIP_RULE"}},"backgroundColor":{"default":{"color":"var(--paletteColor8)"}}},"content_boxed_shadow":{"inherit":false,"blur":18,"spread":-6,"v_offset":12,"h_offset":0,"inset":false,"enable":true,"color":{"color":"rgba(34, 56, 101, 0.04)"}},"boxed_content_spacing":{"desktop":{"top":"40px","bottom":"40px","left":"40px","right":"40px","linked":true},"tablet":{"top":"35px","bottom":"35px","left":"35px","right":"35px","linked":true},"mobile":{"top":"20px","bottom":"20px","left":"20px","right":"20px","linked":true}},"content_boxed_radius":{"top":"3px","bottom":"3px","left":"3px","right":"3px","linked":true},"ce1aae31bc88925441d253f1f7b0819c":"","disable_featured_image":"no","disable_header":"no","disable_footer":"no"},"acf":[],"yoast_head":"<!-- This site is optimized with the Yoast SEO plugin v20.3 - https:\/\/yoast.com\/wordpress\/plugins\/seo\/ -->\n<title>Extension Courses - IESP<\/title>\n<meta name=\"robots\" content=\"index, follow, max-snippet:-1, max-image-preview:large, max-video-preview:-1\" \/>\n<link rel=\"canonical\" href=\"https:\/\/iesp.uerj.br\/en\/graduate-programs\/extension-courses\/\" \/>\n<meta property=\"og:locale\" content=\"en_US\" \/>\n<meta property=\"og:type\" content=\"article\" \/>\n<meta property=\"og:title\" content=\"Extension Courses - IESP\" \/>\n<meta property=\"og:description\" content=\"IESP-UERJ organizes short-term courses, extension courses and seminars aimed at the discussion of methodological issues (quantitative and qualitative methods in the social sciences) and themes in political science and sociology. Such courses are advertised here on this page and on the Institute&#8217;s social networks.\" \/>\n<meta property=\"og:url\" content=\"https:\/\/iesp.uerj.br\/en\/graduate-programs\/extension-courses\/\" \/>\n<meta property=\"og:site_name\" content=\"IESP\" \/>\n<meta property=\"article:modified_time\" content=\"2022-05-16T19:29:20+00:00\" \/>\n<meta name=\"twitter:card\" content=\"summary_large_image\" \/>\n<meta name=\"twitter:label1\" content=\"Est. reading time\" \/>\n\t<meta name=\"twitter:data1\" content=\"1 minute\" \/>\n<script type=\"application\/ld+json\" class=\"yoast-schema-graph\">{\"@context\":\"https:\/\/schema.org\",\"@graph\":[{\"@type\":\"WebPage\",\"@id\":\"https:\/\/iesp.uerj.br\/en\/graduate-programs\/extension-courses\/\",\"url\":\"https:\/\/iesp.uerj.br\/en\/graduate-programs\/extension-courses\/\",\"name\":\"Extension Courses - IESP\",\"isPartOf\":{\"@id\":\"\/#website\"},\"datePublished\":\"2021-04-24T18:32:33+00:00\",\"dateModified\":\"2022-05-16T19:29:20+00:00\",\"breadcrumb\":{\"@id\":\"https:\/\/iesp.uerj.br\/en\/graduate-programs\/extension-courses\/#breadcrumb\"},\"inLanguage\":\"en-US\",\"potentialAction\":[{\"@type\":\"ReadAction\",\"target\":[\"https:\/\/iesp.uerj.br\/en\/graduate-programs\/extension-courses\/\"]}]},{\"@type\":\"BreadcrumbList\",\"@id\":\"https:\/\/iesp.uerj.br\/en\/graduate-programs\/extension-courses\/#breadcrumb\",\"itemListElement\":[{\"@type\":\"ListItem\",\"position\":1,\"name\":\"In\u00edcio\",\"item\":\"https:\/\/iesp.uerj.br\/en\/\"},{\"@type\":\"ListItem\",\"position\":2,\"name\":\"Graduate Programs\",\"item\":\"https:\/\/iesp.uerj.br\/en\/graduate-programs\/\"},{\"@type\":\"ListItem\",\"position\":3,\"name\":\"Extension Courses\"}]},{\"@type\":\"WebSite\",\"@id\":\"\/#website\",\"url\":\"\/\",\"name\":\"IESP\",\"description\":\"Instituto de Estudos Sociais e Pol\u00edticos\",\"publisher\":{\"@id\":\"\/#organization\"},\"potentialAction\":[{\"@type\":\"SearchAction\",\"target\":{\"@type\":\"EntryPoint\",\"urlTemplate\":\"\/?s={search_term_string}\"},\"query-input\":\"required name=search_term_string\"}],\"inLanguage\":\"en-US\"},{\"@type\":\"Organization\",\"@id\":\"\/#organization\",\"name\":\"IESP\",\"url\":\"\/\",\"logo\":{\"@type\":\"ImageObject\",\"inLanguage\":\"en-US\",\"@id\":\"\/#\/schema\/logo\/image\/\",\"url\":\"https:\/\/iesp.uerj.br\/wp-content\/uploads\/2022\/07\/Logo-iesp-uerj-azul.svg\",\"contentUrl\":\"https:\/\/iesp.uerj.br\/wp-content\/uploads\/2022\/07\/Logo-iesp-uerj-azul.svg\",\"caption\":\"IESP\"},\"image\":{\"@id\":\"\/#\/schema\/logo\/image\/\"}}]}<\/script>\n<!-- \/ Yoast SEO plugin. -->","yoast_head_json":{"title":"Extension Courses - IESP","robots":{"index":"index","follow":"follow","max-snippet":"max-snippet:-1","max-image-preview":"max-image-preview:large","max-video-preview":"max-video-preview:-1"},"canonical":"https:\/\/iesp.uerj.br\/en\/graduate-programs\/extension-courses\/","og_locale":"en_US","og_type":"article","og_title":"Extension Courses - IESP","og_description":"IESP-UERJ organizes short-term courses, extension courses and seminars aimed at the discussion of methodological issues (quantitative and qualitative methods in the social sciences) and themes in political science and sociology. Such courses are advertised here on this page and on the Institute&#8217;s social networks.","og_url":"https:\/\/iesp.uerj.br\/en\/graduate-programs\/extension-courses\/","og_site_name":"IESP","article_modified_time":"2022-05-16T19:29:20+00:00","twitter_card":"summary_large_image","twitter_misc":{"Est. reading time":"1 minute"},"schema":{"@context":"https:\/\/schema.org","@graph":[{"@type":"WebPage","@id":"https:\/\/iesp.uerj.br\/en\/graduate-programs\/extension-courses\/","url":"https:\/\/iesp.uerj.br\/en\/graduate-programs\/extension-courses\/","name":"Extension Courses - IESP","isPartOf":{"@id":"\/#website"},"datePublished":"2021-04-24T18:32:33+00:00","dateModified":"2022-05-16T19:29:20+00:00","breadcrumb":{"@id":"https:\/\/iesp.uerj.br\/en\/graduate-programs\/extension-courses\/#breadcrumb"},"inLanguage":"en-US","potentialAction":[{"@type":"ReadAction","target":["https:\/\/iesp.uerj.br\/en\/graduate-programs\/extension-courses\/"]}]},{"@type":"BreadcrumbList","@id":"https:\/\/iesp.uerj.br\/en\/graduate-programs\/extension-courses\/#breadcrumb","itemListElement":[{"@type":"ListItem","position":1,"name":"In\u00edcio","item":"https:\/\/iesp.uerj.br\/en\/"},{"@type":"ListItem","position":2,"name":"Graduate Programs","item":"https:\/\/iesp.uerj.br\/en\/graduate-programs\/"},{"@type":"ListItem","position":3,"name":"Extension Courses"}]},{"@type":"WebSite","@id":"\/#website","url":"\/","name":"IESP","description":"Instituto de Estudos Sociais e Pol\u00edticos","publisher":{"@id":"\/#organization"},"potentialAction":[{"@type":"SearchAction","target":{"@type":"EntryPoint","urlTemplate":"\/?s={search_term_string}"},"query-input":"required name=search_term_string"}],"inLanguage":"en-US"},{"@type":"Organization","@id":"\/#organization","name":"IESP","url":"\/","logo":{"@type":"ImageObject","inLanguage":"en-US","@id":"\/#\/schema\/logo\/image\/","url":"https:\/\/iesp.uerj.br\/wp-content\/uploads\/2022\/07\/Logo-iesp-uerj-azul.svg","contentUrl":"https:\/\/iesp.uerj.br\/wp-content\/uploads\/2022\/07\/Logo-iesp-uerj-azul.svg","caption":"IESP"},"image":{"@id":"\/#\/schema\/logo\/image\/"}}]}},"_links":{"self":[{"href":"https:\/\/iesp.uerj.br\/en\/wp-json\/wp\/v2\/pages\/17719"}],"collection":[{"href":"https:\/\/iesp.uerj.br\/en\/wp-json\/wp\/v2\/pages"}],"about":[{"href":"https:\/\/iesp.uerj.br\/en\/wp-json\/wp\/v2\/types\/page"}],"author":[{"embeddable":true,"href":"https:\/\/iesp.uerj.br\/en\/wp-json\/wp\/v2\/users\/2"}],"replies":[{"embeddable":true,"href":"https:\/\/iesp.uerj.br\/en\/wp-json\/wp\/v2\/comments?post=17719"}],"version-history":[{"count":4,"href":"https:\/\/iesp.uerj.br\/en\/wp-json\/wp\/v2\/pages\/17719\/revisions"}],"predecessor-version":[{"id":19048,"href":"https:\/\/iesp.uerj.br\/en\/wp-json\/wp\/v2\/pages\/17719\/revisions\/19048"}],"up":[{"embeddable":true,"href":"https:\/\/iesp.uerj.br\/en\/wp-json\/wp\/v2\/pages\/17565"}],"wp:attachment":[{"href":"https:\/\/iesp.uerj.br\/en\/wp-json\/wp\/v2\/media?parent=17719"}],"curies":[{"name":"wp","href":"https:\/\/api.w.org\/{rel}","templated":true}]}}