{"id":17565,"date":"2021-04-24T14:28:20","date_gmt":"2021-04-24T17:28:20","guid":{"rendered":"http:\/\/162.240.0.109\/~wwiesp\/iesp\/pos-graduacao\/"},"modified":"2022-02-22T13:41:36","modified_gmt":"2022-02-22T16:41:36","slug":"graduate-programs","status":"publish","type":"page","link":"https:\/\/iesp.uerj.br\/en\/graduate-programs\/","title":{"rendered":"Graduate Programs"},"content":{"rendered":"\n<p class=\"eplus-povHnV eplus-wrapper\">Os programas de mestrado e doutorado em Sociologia e Ci\u00eancia Pol\u00edtica da UERJ foram criados em novembro de 2010. Reproduzem formato, estatuto e procedimentos que, na institui\u00e7\u00e3o de origem de seus professores, o antigo IUPERJ, garantiram excel\u00eancia na p\u00f3s-gradua\u00e7\u00e3o brasileira durante 41 anos. O mestrado prev\u00ea um prazo m\u00e1ximo de dois anos para ser completado. Durante esse per\u00edodo, o aluno \u00e9 submetido a uma intensa forma\u00e7\u00e3o te\u00f3rica e metodol\u00f3gica na \u00e1rea de sua especializa\u00e7\u00e3o. Os aprovados, uma vez completados 27 cr\u00e9ditos, fazem jus ao t\u00edtulo de especializa\u00e7\u00e3o. Durante o quarto semestre preparam um dossi\u00ea que inclui, al\u00e9m do hist\u00f3rico escolar, uma disserta\u00e7\u00e3o a ser defendida perante uma banca de tr\u00eas professores (um externo). Os aprovados recebem o t\u00edtulo de mestre e podem ser admitidos ao doutorado.<\/p>\n\n\n\n<p class=\"eplus-yHNNW9 eplus-wrapper\">O doutorado destina-se \u00e0 forma\u00e7\u00e3o de pesquisadores e centra-se na pesquisa original e produ\u00e7\u00e3o de teses. Tem car\u00e1ter misto, ou semi-tutorial, com maior flexibilidade para o aluno e maior responsabilidade para o professor-orientador, mas ao mesmo tempo com controles institucionais sobre o fluxo dos alunos. Os cr\u00e9ditos s\u00e3o cumpridos pela freq\u00fc\u00eancia a disciplinas, exigindo-se tamb\u00e9m a participa\u00e7\u00e3o em tr\u00eas semin\u00e1rios de pesquisa, sendo um de projeto e os outros dois de tese. Ao final do primeiro ano, o aluno deve defender o projeto de tese, que funciona tamb\u00e9m como um exame de qualifica\u00e7\u00e3o para prosseguimento do doutorado. A defesa da tese deve ser feita, no m\u00e1ximo, at\u00e9 o final do oitavo semestre acad\u00eamico.<\/p>\n","protected":false},"excerpt":{"rendered":"<p>Os programas de mestrado e doutorado em Sociologia e Ci\u00eancia Pol\u00edtica da UERJ foram criados em novembro de 2010. Reproduzem formato, estatuto e procedimentos que, na institui\u00e7\u00e3o de origem de seus professores, o antigo IUPERJ, garantiram excel\u00eancia na p\u00f3s-gradua\u00e7\u00e3o brasileira durante 41 anos. O mestrado prev\u00ea um prazo m\u00e1ximo de dois anos para ser completado. Durante esse per\u00edodo, o aluno \u00e9 submetido a uma intensa forma\u00e7\u00e3o te\u00f3rica e metodol\u00f3gica na \u00e1rea de sua especializa\u00e7\u00e3o. Os aprovados, uma vez completados 27 cr\u00e9ditos, fazem jus ao t\u00edtulo de especializa\u00e7\u00e3o. Durante o quarto semestre preparam um dossi\u00ea que inclui, al\u00e9m do hist\u00f3rico escolar,\u2026<\/p>\n","protected":false},"author":2,"featured_media":0,"parent":0,"menu_order":0,"comment_status":"closed","ping_status":"closed","template":"","meta":{"_coblocks_attr":"","_coblocks_dimensions":"","_coblocks_responsive_height":"","_coblocks_accordion_ie_support":"","inline_featured_image":false},"blocksy_meta":{"styles_descriptor":{"styles":{"desktop":"","tablet":"","mobile":""},"google_fonts":[],"version":5},"page_title_panel":"","has_hero_section":"default","f007ba60610c61c1f1faa346bd1c0dbd":"","hero_section":"type-1","hero_elements":[{"id":"custom_title","enabled":true,"heading_tag":"h1","title":"P\u00e1gina inicial"},{"id":"custom_description","enabled":true,"description_visibility":{"desktop":true,"tablet":true,"mobile":false}},{"id":"custom_meta","enabled":false,"meta_elements":[{"id":"author","enabled":true,"label":"Por","has_author_avatar":"yes","avatar_size":25},{"id":"post_date","enabled":true,"label":"Em","date_format_source":"default","date_format":"M j, Y"},{"id":"updated_date","enabled":false,"label":"Em","date_format_source":"default","date_format":"M j, Y"},{"id":"categories","enabled":false,"label":"Em","style":"simple"},{"id":"comments","enabled":true}],"page_meta_elements":{"joined":true,"articles_count":true,"comments":true}},{"id":"breadcrumbs","enabled":false}],"db886afbb470de00688ad089c5326503":"","hero_alignment1":"CT_CSS_SKIP_RULE","hero_margin":40,"hero_alignment2":"center","hero_vertical_alignment":"center","80afceb6e2a6cfad7a483713ac8ec3d6":"","hero_structure":"narrow","9b2091c401ab53dc376260ddb1ce5fd4":"","page_title_bg_type":"featured_image","custom_hero_background":{"attachment_id":null},"parallax":{"desktop":false,"tablet":false,"mobile":false},"dba591e63b7c24ded9ae35f26c77c7ec":"","hero_height":"250px","pageTitleFont":{"family":"Default","variation":"Default","size":"30px","line-height":"CT_CSS_SKIP_RULE","letter-spacing":"CT_CSS_SKIP_RULE","text-transform":"CT_CSS_SKIP_RULE","text-decoration":"CT_CSS_SKIP_RULE"},"pageTitleFontColor":{"default":{"color":"CT_CSS_SKIP_RULEDEFAULT"}},"pageMetaFont":{"family":"Default","variation":"n6","size":"12px","line-height":"1.3","letter-spacing":"CT_CSS_SKIP_RULE","text-transform":"uppercase","text-decoration":"CT_CSS_SKIP_RULE"},"pageMetaFontColor":{"default":{"color":"CT_CSS_SKIP_RULEDEFAULT"},"hover":{"color":"CT_CSS_SKIP_RULEDEFAULT"}},"page_meta_button_type_font_colors":{"default":{"color":"CT_CSS_SKIP_RULEDEFAULT"},"hover":{"color":"CT_CSS_SKIP_RULEDEFAULT"}},"page_meta_button_type_background_colors":{"default":{"color":"CT_CSS_SKIP_RULEDEFAULT"},"hover":{"color":"CT_CSS_SKIP_RULEDEFAULT"}},"pageExcerptFont":{"family":"Default","variation":"Default","size":"CT_CSS_SKIP_RULE","line-height":"CT_CSS_SKIP_RULE","letter-spacing":"CT_CSS_SKIP_RULE","text-transform":"CT_CSS_SKIP_RULE","text-decoration":"CT_CSS_SKIP_RULE"},"pageExcerptColor":{"default":{"color":"CT_CSS_SKIP_RULEDEFAULT"}},"breadcrumbsFont":{"family":"Default","variation":"Default","size":"CT_CSS_SKIP_RULE","line-height":"CT_CSS_SKIP_RULE","letter-spacing":"CT_CSS_SKIP_RULE","text-transform":"CT_CSS_SKIP_RULE","text-decoration":"CT_CSS_SKIP_RULE"},"breadcrumbsFontColor":{"default":{"color":"CT_CSS_SKIP_RULEDEFAULT"},"initial":{"color":"CT_CSS_SKIP_RULEDEFAULT"},"hover":{"color":"CT_CSS_SKIP_RULEDEFAULT"}},"acf_field_hero_elements":"","typography":{"family":"Default","variation":"Default","size":"CT_CSS_SKIP_RULE","line-height":"CT_CSS_SKIP_RULE","letter-spacing":"CT_CSS_SKIP_RULE","text-transform":"CT_CSS_SKIP_RULE","text-decoration":"CT_CSS_SKIP_RULE"},"color":{"default":{"color":"CT_CSS_SKIP_RULEDEFAULT"},"hover":{"color":"CT_CSS_SKIP_RULEDEFAULT"}},"metabox_field_hero_elements":"","toolset_field_hero_elements":"","jetengine_field_hero_elements":"","custom_field_hero_elements":"","pageTitleOverlay":{"background_type":"color","background_pattern":"type-1","background_image":{"attachment_id":null,"x":0,"y":0},"gradient":"linear-gradient(135deg,rgba(6,147,227,1) 0%,rgb(155,81,224) 100%)","background_repeat":"repeat","background_size":"auto","background_attachment":"scroll","patternColor":{"default":{"color":"#e5e7ea"}},"overlayColor":{"default":{"color":"CT_CSS_SKIP_RULE"}},"backgroundColor":{"default":{"color":"CT_CSS_SKIP_RULE"}}},"pageTitleBackground":{"background_type":"color","background_pattern":"type-1","background_image":{"attachment_id":null,"x":0,"y":0},"gradient":"linear-gradient(135deg,rgba(6,147,227,1) 0%,rgb(155,81,224) 100%)","background_repeat":"repeat","background_size":"auto","background_attachment":"scroll","patternColor":{"default":{"color":"#e5e7ea"}},"overlayColor":{"default":{"color":"CT_CSS_SKIP_RULE"}},"backgroundColor":{"default":{"color":"var(--paletteColor6)"}}},"pageTitlePadding":{"top":"50px","bottom":"50px","left":"auto","right":"auto","linked":true},"8715a51fc03f701ffd5e94d125550d89":"","page_structure_type":"type-2","f3c0be9bcf1070b9e3b0feef3fc62e0c":"","content_style_source":"inherit","content_style":"wide","vertical_spacing_source":"inherit","content_area_spacing":"both","background":{"background_type":"color","background_pattern":"type-1","background_image":{"attachment_id":null,"x":0,"y":0},"gradient":"linear-gradient(135deg,rgba(6,147,227,1) 0%,rgb(155,81,224) 100%)","background_repeat":"repeat","background_size":"auto","background_attachment":"scroll","patternColor":{"default":{"color":"#e5e7ea"}},"overlayColor":{"default":{"color":"CT_CSS_SKIP_RULE"}},"backgroundColor":{"default":{"color":"CT_CSS_SKIP_RULE"}}},"content_background":{"background_type":"color","background_pattern":"type-1","background_image":{"attachment_id":null,"x":0,"y":0},"gradient":"linear-gradient(135deg,rgba(6,147,227,1) 0%,rgb(155,81,224) 100%)","background_repeat":"repeat","background_size":"auto","background_attachment":"scroll","patternColor":{"default":{"color":"#e5e7ea"}},"overlayColor":{"default":{"color":"CT_CSS_SKIP_RULE"}},"backgroundColor":{"default":{"color":"var(--paletteColor8)"}}},"content_boxed_shadow":{"inherit":false,"blur":18,"spread":-6,"v_offset":12,"h_offset":0,"inset":false,"enable":true,"color":{"color":"rgba(34, 56, 101, 0.04)"}},"boxed_content_spacing":{"desktop":{"top":"40px","bottom":"40px","left":"40px","right":"40px","linked":true},"tablet":{"top":"35px","bottom":"35px","left":"35px","right":"35px","linked":true},"mobile":{"top":"20px","bottom":"20px","left":"20px","right":"20px","linked":true}},"content_boxed_radius":{"top":"3px","bottom":"3px","left":"3px","right":"3px","linked":true},"6721a9479e38a70ea04684143dec9eda":"","disable_featured_image":"no","disable_share_box":"no","disable_header":"no","disable_footer":"no","8e71911c09da3060fc1ace7e217a163a":"","header_footer_scripts_panel":"","header_scripts":"","ec4b3997da04291ab405c9fe87f50080":"","header_after_body_scripts":"","92eb751e691450fa831782adb777b875":"","footer_scripts":""},"acf":[],"yoast_head":"<!-- This site is optimized with the Yoast SEO plugin v20.3 - https:\/\/yoast.com\/wordpress\/plugins\/seo\/ -->\n<title>Graduate Programs - IESP<\/title>\n<meta name=\"robots\" content=\"index, follow, max-snippet:-1, max-image-preview:large, max-video-preview:-1\" \/>\n<link rel=\"canonical\" href=\"https:\/\/iesp.uerj.br\/en\/graduate-programs\/\" \/>\n<meta property=\"og:locale\" content=\"en_US\" \/>\n<meta property=\"og:type\" content=\"article\" \/>\n<meta property=\"og:title\" content=\"Graduate Programs - IESP\" \/>\n<meta property=\"og:description\" content=\"Os programas de mestrado e doutorado em Sociologia e Ci\u00eancia Pol\u00edtica da UERJ foram criados em novembro de 2010. Reproduzem formato, estatuto e procedimentos que, na institui\u00e7\u00e3o de origem de seus professores, o antigo IUPERJ, garantiram excel\u00eancia na p\u00f3s-gradua\u00e7\u00e3o brasileira durante 41 anos. O mestrado prev\u00ea um prazo m\u00e1ximo de dois anos para ser completado. Durante esse per\u00edodo, o aluno \u00e9 submetido a uma intensa forma\u00e7\u00e3o te\u00f3rica e metodol\u00f3gica na \u00e1rea de sua especializa\u00e7\u00e3o. Os aprovados, uma vez completados 27 cr\u00e9ditos, fazem jus ao t\u00edtulo de especializa\u00e7\u00e3o. Durante o quarto semestre preparam um dossi\u00ea que inclui, al\u00e9m do hist\u00f3rico escolar,\u2026\" \/>\n<meta property=\"og:url\" content=\"https:\/\/iesp.uerj.br\/en\/graduate-programs\/\" \/>\n<meta property=\"og:site_name\" content=\"IESP\" \/>\n<meta property=\"article:modified_time\" content=\"2022-02-22T16:41:36+00:00\" \/>\n<meta name=\"twitter:card\" content=\"summary_large_image\" \/>\n<meta name=\"twitter:label1\" content=\"Est. reading time\" \/>\n\t<meta name=\"twitter:data1\" content=\"2 minutes\" \/>\n<script type=\"application\/ld+json\" class=\"yoast-schema-graph\">{\"@context\":\"https:\/\/schema.org\",\"@graph\":[{\"@type\":\"WebPage\",\"@id\":\"https:\/\/iesp.uerj.br\/en\/graduate-programs\/\",\"url\":\"https:\/\/iesp.uerj.br\/en\/graduate-programs\/\",\"name\":\"Graduate Programs - IESP\",\"isPartOf\":{\"@id\":\"\/#website\"},\"datePublished\":\"2021-04-24T17:28:20+00:00\",\"dateModified\":\"2022-02-22T16:41:36+00:00\",\"breadcrumb\":{\"@id\":\"https:\/\/iesp.uerj.br\/en\/graduate-programs\/#breadcrumb\"},\"inLanguage\":\"en-US\",\"potentialAction\":[{\"@type\":\"ReadAction\",\"target\":[\"https:\/\/iesp.uerj.br\/en\/graduate-programs\/\"]}]},{\"@type\":\"BreadcrumbList\",\"@id\":\"https:\/\/iesp.uerj.br\/en\/graduate-programs\/#breadcrumb\",\"itemListElement\":[{\"@type\":\"ListItem\",\"position\":1,\"name\":\"In\u00edcio\",\"item\":\"https:\/\/iesp.uerj.br\/en\/\"},{\"@type\":\"ListItem\",\"position\":2,\"name\":\"Graduate Programs\"}]},{\"@type\":\"WebSite\",\"@id\":\"\/#website\",\"url\":\"\/\",\"name\":\"IESP\",\"description\":\"Instituto de Estudos Sociais e Pol\u00edticos\",\"publisher\":{\"@id\":\"\/#organization\"},\"potentialAction\":[{\"@type\":\"SearchAction\",\"target\":{\"@type\":\"EntryPoint\",\"urlTemplate\":\"\/?s={search_term_string}\"},\"query-input\":\"required name=search_term_string\"}],\"inLanguage\":\"en-US\"},{\"@type\":\"Organization\",\"@id\":\"\/#organization\",\"name\":\"IESP\",\"url\":\"\/\",\"logo\":{\"@type\":\"ImageObject\",\"inLanguage\":\"en-US\",\"@id\":\"\/#\/schema\/logo\/image\/\",\"url\":\"https:\/\/iesp.uerj.br\/wp-content\/uploads\/2022\/07\/Logo-iesp-uerj-azul.svg\",\"contentUrl\":\"https:\/\/iesp.uerj.br\/wp-content\/uploads\/2022\/07\/Logo-iesp-uerj-azul.svg\",\"caption\":\"IESP\"},\"image\":{\"@id\":\"\/#\/schema\/logo\/image\/\"}}]}<\/script>\n<!-- \/ Yoast SEO plugin. -->","yoast_head_json":{"title":"Graduate Programs - IESP","robots":{"index":"index","follow":"follow","max-snippet":"max-snippet:-1","max-image-preview":"max-image-preview:large","max-video-preview":"max-video-preview:-1"},"canonical":"https:\/\/iesp.uerj.br\/en\/graduate-programs\/","og_locale":"en_US","og_type":"article","og_title":"Graduate Programs - IESP","og_description":"Os programas de mestrado e doutorado em Sociologia e Ci\u00eancia Pol\u00edtica da UERJ foram criados em novembro de 2010. Reproduzem formato, estatuto e procedimentos que, na institui\u00e7\u00e3o de origem de seus professores, o antigo IUPERJ, garantiram excel\u00eancia na p\u00f3s-gradua\u00e7\u00e3o brasileira durante 41 anos. O mestrado prev\u00ea um prazo m\u00e1ximo de dois anos para ser completado. Durante esse per\u00edodo, o aluno \u00e9 submetido a uma intensa forma\u00e7\u00e3o te\u00f3rica e metodol\u00f3gica na \u00e1rea de sua especializa\u00e7\u00e3o. Os aprovados, uma vez completados 27 cr\u00e9ditos, fazem jus ao t\u00edtulo de especializa\u00e7\u00e3o. Durante o quarto semestre preparam um dossi\u00ea que inclui, al\u00e9m do hist\u00f3rico escolar,\u2026","og_url":"https:\/\/iesp.uerj.br\/en\/graduate-programs\/","og_site_name":"IESP","article_modified_time":"2022-02-22T16:41:36+00:00","twitter_card":"summary_large_image","twitter_misc":{"Est. reading time":"2 minutes"},"schema":{"@context":"https:\/\/schema.org","@graph":[{"@type":"WebPage","@id":"https:\/\/iesp.uerj.br\/en\/graduate-programs\/","url":"https:\/\/iesp.uerj.br\/en\/graduate-programs\/","name":"Graduate Programs - IESP","isPartOf":{"@id":"\/#website"},"datePublished":"2021-04-24T17:28:20+00:00","dateModified":"2022-02-22T16:41:36+00:00","breadcrumb":{"@id":"https:\/\/iesp.uerj.br\/en\/graduate-programs\/#breadcrumb"},"inLanguage":"en-US","potentialAction":[{"@type":"ReadAction","target":["https:\/\/iesp.uerj.br\/en\/graduate-programs\/"]}]},{"@type":"BreadcrumbList","@id":"https:\/\/iesp.uerj.br\/en\/graduate-programs\/#breadcrumb","itemListElement":[{"@type":"ListItem","position":1,"name":"In\u00edcio","item":"https:\/\/iesp.uerj.br\/en\/"},{"@type":"ListItem","position":2,"name":"Graduate Programs"}]},{"@type":"WebSite","@id":"\/#website","url":"\/","name":"IESP","description":"Instituto de Estudos Sociais e Pol\u00edticos","publisher":{"@id":"\/#organization"},"potentialAction":[{"@type":"SearchAction","target":{"@type":"EntryPoint","urlTemplate":"\/?s={search_term_string}"},"query-input":"required name=search_term_string"}],"inLanguage":"en-US"},{"@type":"Organization","@id":"\/#organization","name":"IESP","url":"\/","logo":{"@type":"ImageObject","inLanguage":"en-US","@id":"\/#\/schema\/logo\/image\/","url":"https:\/\/iesp.uerj.br\/wp-content\/uploads\/2022\/07\/Logo-iesp-uerj-azul.svg","contentUrl":"https:\/\/iesp.uerj.br\/wp-content\/uploads\/2022\/07\/Logo-iesp-uerj-azul.svg","caption":"IESP"},"image":{"@id":"\/#\/schema\/logo\/image\/"}}]}},"_links":{"self":[{"href":"https:\/\/iesp.uerj.br\/en\/wp-json\/wp\/v2\/pages\/17565"}],"collection":[{"href":"https:\/\/iesp.uerj.br\/en\/wp-json\/wp\/v2\/pages"}],"about":[{"href":"https:\/\/iesp.uerj.br\/en\/wp-json\/wp\/v2\/types\/page"}],"author":[{"embeddable":true,"href":"https:\/\/iesp.uerj.br\/en\/wp-json\/wp\/v2\/users\/2"}],"replies":[{"embeddable":true,"href":"https:\/\/iesp.uerj.br\/en\/wp-json\/wp\/v2\/comments?post=17565"}],"version-history":[{"count":1,"href":"https:\/\/iesp.uerj.br\/en\/wp-json\/wp\/v2\/pages\/17565\/revisions"}],"predecessor-version":[{"id":18019,"href":"https:\/\/iesp.uerj.br\/en\/wp-json\/wp\/v2\/pages\/17565\/revisions\/18019"}],"wp:attachment":[{"href":"https:\/\/iesp.uerj.br\/en\/wp-json\/wp\/v2\/media?parent=17565"}],"curies":[{"name":"wp","href":"https:\/\/api.w.org\/{rel}","templated":true}]}}